{"id":43,"date":"2023-03-03T12:04:53","date_gmt":"2023-03-03T12:04:53","guid":{"rendered":"https:\/\/chasseral-hotel.ch\/?page_id=43"},"modified":"2026-01-31T11:07:58","modified_gmt":"2026-01-31T10:07:58","slug":"jobs","status":"publish","type":"page","link":"https:\/\/chasseral-hotel.ch\/de\/hotel-restaurant\/jobs\/","title":{"rendered":"Jobs"},"content":{"rendered":"\n<h2 class=\"wp-block-heading\"><strong>Arbeiten im H\u00f4tel-Restaurant Chasseral<\/strong><\/h2>\n\n\n\n<p>M\u00f6chten Sie Teil eines dynamischen Teams werden und in einem aussergew\u00f6hnlichen Umfeld arbeiten? Das H\u00f4tel-Restaurant Chasseral auf 1\u2019606\u202fm H\u00f6he ist seit 1880 ein beliebter Treffpunkt f\u00fcr G\u00e4ste aus der ganzen Schweiz \u2013 mit atemberaubendem 360\u00b0-Panorama \u00fcber die Alpen, den Jura und das Mittelland.<\/p>\n\n\n\n<p>Wir legen Wert auf Qualit\u00e4t, Tradition und Gastfreundschaft und suchen stets engagierte Pers\u00f6nlichkeiten, die unsere Leidenschaft teilen und unser Team verst\u00e4rken m\u00f6chten.<\/p>\n\n\n\n<p><strong><strong>Ihre M\u00f6glichkeiten bei uns:<\/strong><\/strong><\/p>\n\n\n\n<p>Auf dieser Seite finden Sie alle aktuell ausgeschriebenen Stellen. Die detaillierten Informationen zu den jeweiligen Positionen stehen als PDF-Datei bereit, die Sie direkt einsehen und herunterladen k\u00f6nnen.<br><\/p>\n\n\n\n<p><strong>Offene Stellen:<\/strong><\/p>\n\n\n\n<p>Kellner\/in<br>Runner<br>Abwasch<br>Koch\/ K\u00f6chin<\/p>\n\n\n\n<p><\/p>\n\n\n\n<p><br><\/p>\n\n\n\n<p><strong>Ihre Bewerbung:<\/strong><\/p>\n\n\n\n<p>Wir freuen uns auf Ihre vollst\u00e4ndigen Bewerbungsunterlagen (Motivationsschreiben, Lebenslauf, relevante Zeugnisse).<\/p>\n\n\n\n<p>Bitte senden Sie diese per E-Mail an: Elias Vogt, Inhaber, 0041 32 530 27 23, <a href=\"mailto:elias.v@gmx.ch\">elias.v@gmx.ch<\/a><\/p>\n","protected":false},"excerpt":{"rendered":"<p>Arbeiten im H\u00f4tel-Restaurant Chasseral M\u00f6chten Sie Teil eines dynamischen Teams werden und in einem aussergew\u00f6hnlichen Umfeld arbeiten? Das H\u00f4tel-Restaurant Chasseral auf 1\u2019606\u202fm H\u00f6he ist seit 1880 ein beliebter Treffpunkt f\u00fcr G\u00e4ste aus der ganzen Schweiz \u2013 mit atemberaubendem 360\u00b0-Panorama \u00fcber die Alpen, den Jura und das Mittelland. Wir legen Wert auf Qualit\u00e4t, Tradition und Gastfreundschaft [&hellip;]<\/p>\n","protected":false},"author":6,"featured_media":0,"parent":35,"menu_order":6,"comment_status":"closed","ping_status":"closed","template":"page-templates\/page-jobs.php","meta":{"_acf_changed":false,"footnotes":""},"class_list":["post-43","page","type-page","status-publish","hentry"],"acf":[],"yoast_head":"<!-- This site is optimized with the Yoast SEO plugin v27.0 - https:\/\/yoast.com\/product\/yoast-seo-wordpress\/ -->\n<title>Chasseral | Jobs<\/title>\n<meta name=\"description\" content=\"Hier finden Sie einen \u00dcberblick \u00fcber alle freien Stellen sowie den Angaben zu den dazugeh\u00f6rigen Aufgaben und was wir Ihnen bieten k\u00f6nnen.\" \/>\n<meta name=\"robots\" content=\"index, follow, max-snippet:-1, max-image-preview:large, max-video-preview:-1\" \/>\n<link rel=\"canonical\" href=\"https:\/\/chasseral-hotel.ch\/de\/hotel-restaurant\/jobs\/\" \/>\n<meta property=\"og:locale\" content=\"de_DE\" \/>\n<meta property=\"og:type\" content=\"article\" \/>\n<meta property=\"og:title\" content=\"Chasseral | Jobs\" \/>\n<meta property=\"og:description\" content=\"Hier finden Sie einen \u00dcberblick \u00fcber alle freien Stellen sowie den Angaben zu den dazugeh\u00f6rigen Aufgaben und was wir Ihnen bieten k\u00f6nnen.\" \/>\n<meta property=\"og:url\" content=\"https:\/\/chasseral-hotel.ch\/de\/hotel-restaurant\/jobs\/\" \/>\n<meta property=\"og:site_name\" content=\"Chasseral\" \/>\n<meta property=\"article:modified_time\" content=\"2026-01-31T10:07:58+00:00\" \/>\n<meta name=\"twitter:card\" content=\"summary_large_image\" \/>\n<meta name=\"twitter:label1\" content=\"Gesch\u00e4tzte Lesezeit\" \/>\n\t<meta name=\"twitter:data1\" content=\"1\u00a0Minute\" \/>\n<script type=\"application\/ld+json\" class=\"yoast-schema-graph\">{\"@context\":\"https:\/\/schema.org\",\"@graph\":[{\"@type\":\"WebPage\",\"@id\":\"https:\/\/chasseral-hotel.ch\/de\/hotel-restaurant\/jobs\/\",\"url\":\"https:\/\/chasseral-hotel.ch\/de\/hotel-restaurant\/jobs\/\",\"name\":\"Chasseral | Jobs\",\"isPartOf\":{\"@id\":\"https:\/\/chasseral-hotel.ch\/de\/#website\"},\"datePublished\":\"2023-03-03T12:04:53+00:00\",\"dateModified\":\"2026-01-31T10:07:58+00:00\",\"description\":\"Hier finden Sie einen \u00dcberblick \u00fcber alle freien Stellen sowie den Angaben zu den dazugeh\u00f6rigen Aufgaben und was wir Ihnen bieten k\u00f6nnen.\",\"breadcrumb\":{\"@id\":\"https:\/\/chasseral-hotel.ch\/de\/hotel-restaurant\/jobs\/#breadcrumb\"},\"inLanguage\":\"de\",\"potentialAction\":[{\"@type\":\"ReadAction\",\"target\":[\"https:\/\/chasseral-hotel.ch\/de\/hotel-restaurant\/jobs\/\"]}]},{\"@type\":\"BreadcrumbList\",\"@id\":\"https:\/\/chasseral-hotel.ch\/de\/hotel-restaurant\/jobs\/#breadcrumb\",\"itemListElement\":[{\"@type\":\"ListItem\",\"position\":1,\"name\":\"Home\",\"item\":\"https:\/\/chasseral-hotel.ch\/de\/\"},{\"@type\":\"ListItem\",\"position\":2,\"name\":\"Hotel &#038; Restaurant\",\"item\":\"https:\/\/chasseral-hotel.ch\/de\/hotel-restaurant\/\"},{\"@type\":\"ListItem\",\"position\":3,\"name\":\"Jobs\"}]},{\"@type\":\"WebSite\",\"@id\":\"https:\/\/chasseral-hotel.ch\/de\/#website\",\"url\":\"https:\/\/chasseral-hotel.ch\/de\/\",\"name\":\"Chasseral\",\"description\":\"\",\"potentialAction\":[{\"@type\":\"SearchAction\",\"target\":{\"@type\":\"EntryPoint\",\"urlTemplate\":\"https:\/\/chasseral-hotel.ch\/de\/?s={search_term_string}\"},\"query-input\":{\"@type\":\"PropertyValueSpecification\",\"valueRequired\":true,\"valueName\":\"search_term_string\"}}],\"inLanguage\":\"de\"}]}<\/script>\n<!-- \/ Yoast SEO plugin. -->","yoast_head_json":{"title":"Chasseral | Jobs","description":"Hier finden Sie einen \u00dcberblick \u00fcber alle freien Stellen sowie den Angaben zu den dazugeh\u00f6rigen Aufgaben und was wir Ihnen bieten k\u00f6nnen.","robots":{"index":"index","follow":"follow","max-snippet":"max-snippet:-1","max-image-preview":"max-image-preview:large","max-video-preview":"max-video-preview:-1"},"canonical":"https:\/\/chasseral-hotel.ch\/de\/hotel-restaurant\/jobs\/","og_locale":"de_DE","og_type":"article","og_title":"Chasseral | Jobs","og_description":"Hier finden Sie einen \u00dcberblick \u00fcber alle freien Stellen sowie den Angaben zu den dazugeh\u00f6rigen Aufgaben und was wir Ihnen bieten k\u00f6nnen.","og_url":"https:\/\/chasseral-hotel.ch\/de\/hotel-restaurant\/jobs\/","og_site_name":"Chasseral","article_modified_time":"2026-01-31T10:07:58+00:00","twitter_card":"summary_large_image","twitter_misc":{"Gesch\u00e4tzte Lesezeit":"1\u00a0Minute"},"schema":{"@context":"https:\/\/schema.org","@graph":[{"@type":"WebPage","@id":"https:\/\/chasseral-hotel.ch\/de\/hotel-restaurant\/jobs\/","url":"https:\/\/chasseral-hotel.ch\/de\/hotel-restaurant\/jobs\/","name":"Chasseral | Jobs","isPartOf":{"@id":"https:\/\/chasseral-hotel.ch\/de\/#website"},"datePublished":"2023-03-03T12:04:53+00:00","dateModified":"2026-01-31T10:07:58+00:00","description":"Hier finden Sie einen \u00dcberblick \u00fcber alle freien Stellen sowie den Angaben zu den dazugeh\u00f6rigen Aufgaben und was wir Ihnen bieten k\u00f6nnen.","breadcrumb":{"@id":"https:\/\/chasseral-hotel.ch\/de\/hotel-restaurant\/jobs\/#breadcrumb"},"inLanguage":"de","potentialAction":[{"@type":"ReadAction","target":["https:\/\/chasseral-hotel.ch\/de\/hotel-restaurant\/jobs\/"]}]},{"@type":"BreadcrumbList","@id":"https:\/\/chasseral-hotel.ch\/de\/hotel-restaurant\/jobs\/#breadcrumb","itemListElement":[{"@type":"ListItem","position":1,"name":"Home","item":"https:\/\/chasseral-hotel.ch\/de\/"},{"@type":"ListItem","position":2,"name":"Hotel &#038; Restaurant","item":"https:\/\/chasseral-hotel.ch\/de\/hotel-restaurant\/"},{"@type":"ListItem","position":3,"name":"Jobs"}]},{"@type":"WebSite","@id":"https:\/\/chasseral-hotel.ch\/de\/#website","url":"https:\/\/chasseral-hotel.ch\/de\/","name":"Chasseral","description":"","potentialAction":[{"@type":"SearchAction","target":{"@type":"EntryPoint","urlTemplate":"https:\/\/chasseral-hotel.ch\/de\/?s={search_term_string}"},"query-input":{"@type":"PropertyValueSpecification","valueRequired":true,"valueName":"search_term_string"}}],"inLanguage":"de"}]}},"_links":{"self":[{"href":"https:\/\/chasseral-hotel.ch\/de\/wp-json\/wp\/v2\/pages\/43","targetHints":{"allow":["GET"]}}],"collection":[{"href":"https:\/\/chasseral-hotel.ch\/de\/wp-json\/wp\/v2\/pages"}],"about":[{"href":"https:\/\/chasseral-hotel.ch\/de\/wp-json\/wp\/v2\/types\/page"}],"author":[{"embeddable":true,"href":"https:\/\/chasseral-hotel.ch\/de\/wp-json\/wp\/v2\/users\/6"}],"replies":[{"embeddable":true,"href":"https:\/\/chasseral-hotel.ch\/de\/wp-json\/wp\/v2\/comments?post=43"}],"version-history":[{"count":20,"href":"https:\/\/chasseral-hotel.ch\/de\/wp-json\/wp\/v2\/pages\/43\/revisions"}],"predecessor-version":[{"id":3939,"href":"https:\/\/chasseral-hotel.ch\/de\/wp-json\/wp\/v2\/pages\/43\/revisions\/3939"}],"up":[{"embeddable":true,"href":"https:\/\/chasseral-hotel.ch\/de\/wp-json\/wp\/v2\/pages\/35"}],"wp:attachment":[{"href":"https:\/\/chasseral-hotel.ch\/de\/wp-json\/wp\/v2\/media?parent=43"}],"curies":[{"name":"wp","href":"https:\/\/api.w.org\/{rel}","templated":true}]}}