{"id":64,"date":"2023-03-03T12:12:59","date_gmt":"2023-03-03T12:12:59","guid":{"rendered":"https:\/\/chasseral-hotel.ch\/?page_id=64"},"modified":"2026-02-24T20:12:04","modified_gmt":"2026-02-24T19:12:04","slug":"events","status":"publish","type":"page","link":"https:\/\/chasseral-hotel.ch\/de\/events\/","title":{"rendered":"Events"},"content":{"rendered":"","protected":false},"excerpt":{"rendered":"<p>100 Jahre Hotel Restaurant Chasseral \u2013 Feiern Sie mit uns! Seit einem Jahrhundert ist unser Haus ein Ort der Begegnung, der Gastfreundschaft und der regionalen Verbundenheit. Zu diesem stolzen Jubil\u00e4um haben wir ein abwechslungsreiches Jahresprogramm auf die Beine gestellt: Vielf\u00e4ltige Events f\u00fcr Jung und Alt, f\u00fcr Einheimische sowie G\u00e4ste, f\u00fcr Genussmenschen, Naturfreunde, Musikliebhaber und Familien.<\/p>\n","protected":false},"author":6,"featured_media":2917,"parent":0,"menu_order":20,"comment_status":"closed","ping_status":"closed","template":"page-templates\/page-events.php","meta":{"_acf_changed":false,"footnotes":""},"class_list":["post-64","page","type-page","status-publish","has-post-thumbnail","hentry"],"acf":[],"yoast_head":"<!-- This site is optimized with the Yoast SEO plugin v27.0 - https:\/\/yoast.com\/product\/yoast-seo-wordpress\/ -->\n<title>Hotel &amp; Restaurant Chasseral | Aktuelle Events<\/title>\n<meta name=\"description\" content=\"Entdecken Sie hier die n\u00e4chsten Veranstaltungen im Restaurant Chasseral und lassen Sie sich von unseren kulinarischen Events begeistern.\" \/>\n<meta name=\"robots\" content=\"index, follow, max-snippet:-1, max-image-preview:large, max-video-preview:-1\" \/>\n<link rel=\"canonical\" href=\"https:\/\/chasseral-hotel.ch\/de\/events\/\" \/>\n<meta property=\"og:locale\" content=\"de_DE\" \/>\n<meta property=\"og:type\" content=\"article\" \/>\n<meta property=\"og:title\" content=\"Hotel &amp; Restaurant Chasseral | Aktuelle Events\" \/>\n<meta property=\"og:description\" content=\"Entdecken Sie hier die n\u00e4chsten Veranstaltungen im Restaurant Chasseral und lassen Sie sich von unseren kulinarischen Events begeistern.\" \/>\n<meta property=\"og:url\" content=\"https:\/\/chasseral-hotel.ch\/de\/events\/\" \/>\n<meta property=\"og:site_name\" content=\"Chasseral\" \/>\n<meta property=\"article:modified_time\" content=\"2026-02-24T19:12:04+00:00\" \/>\n<meta property=\"og:image\" content=\"https:\/\/chasseral-hotel.ch\/wp-content\/uploads\/test-1024x768.jpg\" \/>\n\t<meta property=\"og:image:width\" content=\"1024\" \/>\n\t<meta property=\"og:image:height\" content=\"768\" \/>\n\t<meta property=\"og:image:type\" content=\"image\/jpeg\" \/>\n<meta name=\"twitter:card\" content=\"summary_large_image\" \/>\n<meta name=\"twitter:label1\" content=\"Gesch\u00e4tzte Lesezeit\" \/>\n\t<meta name=\"twitter:data1\" content=\"1\u00a0Minute\" \/>\n<script type=\"application\/ld+json\" class=\"yoast-schema-graph\">{\"@context\":\"https:\/\/schema.org\",\"@graph\":[{\"@type\":\"WebPage\",\"@id\":\"https:\/\/chasseral-hotel.ch\/de\/events\/\",\"url\":\"https:\/\/chasseral-hotel.ch\/de\/events\/\",\"name\":\"Hotel & Restaurant Chasseral | Aktuelle Events\",\"isPartOf\":{\"@id\":\"https:\/\/chasseral-hotel.ch\/de\/#website\"},\"primaryImageOfPage\":{\"@id\":\"https:\/\/chasseral-hotel.ch\/de\/events\/#primaryimage\"},\"image\":{\"@id\":\"https:\/\/chasseral-hotel.ch\/de\/events\/#primaryimage\"},\"thumbnailUrl\":\"https:\/\/chasseral-hotel.ch\/wp-content\/uploads\/test.jpg\",\"datePublished\":\"2023-03-03T12:12:59+00:00\",\"dateModified\":\"2026-02-24T19:12:04+00:00\",\"description\":\"Entdecken Sie hier die n\u00e4chsten Veranstaltungen im Restaurant Chasseral und lassen Sie sich von unseren kulinarischen Events begeistern.\",\"breadcrumb\":{\"@id\":\"https:\/\/chasseral-hotel.ch\/de\/events\/#breadcrumb\"},\"inLanguage\":\"de\",\"potentialAction\":[{\"@type\":\"ReadAction\",\"target\":[\"https:\/\/chasseral-hotel.ch\/de\/events\/\"]}]},{\"@type\":\"ImageObject\",\"inLanguage\":\"de\",\"@id\":\"https:\/\/chasseral-hotel.ch\/de\/events\/#primaryimage\",\"url\":\"https:\/\/chasseral-hotel.ch\/wp-content\/uploads\/test.jpg\",\"contentUrl\":\"https:\/\/chasseral-hotel.ch\/wp-content\/uploads\/test.jpg\",\"width\":2560,\"height\":1920},{\"@type\":\"BreadcrumbList\",\"@id\":\"https:\/\/chasseral-hotel.ch\/de\/events\/#breadcrumb\",\"itemListElement\":[{\"@type\":\"ListItem\",\"position\":1,\"name\":\"Home\",\"item\":\"https:\/\/chasseral-hotel.ch\/de\/\"},{\"@type\":\"ListItem\",\"position\":2,\"name\":\"Events\"}]},{\"@type\":\"WebSite\",\"@id\":\"https:\/\/chasseral-hotel.ch\/de\/#website\",\"url\":\"https:\/\/chasseral-hotel.ch\/de\/\",\"name\":\"Chasseral\",\"description\":\"\",\"potentialAction\":[{\"@type\":\"SearchAction\",\"target\":{\"@type\":\"EntryPoint\",\"urlTemplate\":\"https:\/\/chasseral-hotel.ch\/de\/?s={search_term_string}\"},\"query-input\":{\"@type\":\"PropertyValueSpecification\",\"valueRequired\":true,\"valueName\":\"search_term_string\"}}],\"inLanguage\":\"de\"}]}<\/script>\n<!-- \/ Yoast SEO plugin. -->","yoast_head_json":{"title":"Hotel & Restaurant Chasseral | Aktuelle Events","description":"Entdecken Sie hier die n\u00e4chsten Veranstaltungen im Restaurant Chasseral und lassen Sie sich von unseren kulinarischen Events begeistern.","robots":{"index":"index","follow":"follow","max-snippet":"max-snippet:-1","max-image-preview":"max-image-preview:large","max-video-preview":"max-video-preview:-1"},"canonical":"https:\/\/chasseral-hotel.ch\/de\/events\/","og_locale":"de_DE","og_type":"article","og_title":"Hotel & Restaurant Chasseral | Aktuelle Events","og_description":"Entdecken Sie hier die n\u00e4chsten Veranstaltungen im Restaurant Chasseral und lassen Sie sich von unseren kulinarischen Events begeistern.","og_url":"https:\/\/chasseral-hotel.ch\/de\/events\/","og_site_name":"Chasseral","article_modified_time":"2026-02-24T19:12:04+00:00","og_image":[{"width":1024,"height":768,"url":"https:\/\/chasseral-hotel.ch\/wp-content\/uploads\/test-1024x768.jpg","type":"image\/jpeg"}],"twitter_card":"summary_large_image","twitter_misc":{"Gesch\u00e4tzte Lesezeit":"1\u00a0Minute"},"schema":{"@context":"https:\/\/schema.org","@graph":[{"@type":"WebPage","@id":"https:\/\/chasseral-hotel.ch\/de\/events\/","url":"https:\/\/chasseral-hotel.ch\/de\/events\/","name":"Hotel & Restaurant Chasseral | Aktuelle Events","isPartOf":{"@id":"https:\/\/chasseral-hotel.ch\/de\/#website"},"primaryImageOfPage":{"@id":"https:\/\/chasseral-hotel.ch\/de\/events\/#primaryimage"},"image":{"@id":"https:\/\/chasseral-hotel.ch\/de\/events\/#primaryimage"},"thumbnailUrl":"https:\/\/chasseral-hotel.ch\/wp-content\/uploads\/test.jpg","datePublished":"2023-03-03T12:12:59+00:00","dateModified":"2026-02-24T19:12:04+00:00","description":"Entdecken Sie hier die n\u00e4chsten Veranstaltungen im Restaurant Chasseral und lassen Sie sich von unseren kulinarischen Events begeistern.","breadcrumb":{"@id":"https:\/\/chasseral-hotel.ch\/de\/events\/#breadcrumb"},"inLanguage":"de","potentialAction":[{"@type":"ReadAction","target":["https:\/\/chasseral-hotel.ch\/de\/events\/"]}]},{"@type":"ImageObject","inLanguage":"de","@id":"https:\/\/chasseral-hotel.ch\/de\/events\/#primaryimage","url":"https:\/\/chasseral-hotel.ch\/wp-content\/uploads\/test.jpg","contentUrl":"https:\/\/chasseral-hotel.ch\/wp-content\/uploads\/test.jpg","width":2560,"height":1920},{"@type":"BreadcrumbList","@id":"https:\/\/chasseral-hotel.ch\/de\/events\/#breadcrumb","itemListElement":[{"@type":"ListItem","position":1,"name":"Home","item":"https:\/\/chasseral-hotel.ch\/de\/"},{"@type":"ListItem","position":2,"name":"Events"}]},{"@type":"WebSite","@id":"https:\/\/chasseral-hotel.ch\/de\/#website","url":"https:\/\/chasseral-hotel.ch\/de\/","name":"Chasseral","description":"","potentialAction":[{"@type":"SearchAction","target":{"@type":"EntryPoint","urlTemplate":"https:\/\/chasseral-hotel.ch\/de\/?s={search_term_string}"},"query-input":{"@type":"PropertyValueSpecification","valueRequired":true,"valueName":"search_term_string"}}],"inLanguage":"de"}]}},"_links":{"self":[{"href":"https:\/\/chasseral-hotel.ch\/de\/wp-json\/wp\/v2\/pages\/64","targetHints":{"allow":["GET"]}}],"collection":[{"href":"https:\/\/chasseral-hotel.ch\/de\/wp-json\/wp\/v2\/pages"}],"about":[{"href":"https:\/\/chasseral-hotel.ch\/de\/wp-json\/wp\/v2\/types\/page"}],"author":[{"embeddable":true,"href":"https:\/\/chasseral-hotel.ch\/de\/wp-json\/wp\/v2\/users\/6"}],"replies":[{"embeddable":true,"href":"https:\/\/chasseral-hotel.ch\/de\/wp-json\/wp\/v2\/comments?post=64"}],"version-history":[{"count":16,"href":"https:\/\/chasseral-hotel.ch\/de\/wp-json\/wp\/v2\/pages\/64\/revisions"}],"predecessor-version":[{"id":4055,"href":"https:\/\/chasseral-hotel.ch\/de\/wp-json\/wp\/v2\/pages\/64\/revisions\/4055"}],"wp:featuredmedia":[{"embeddable":true,"href":"https:\/\/chasseral-hotel.ch\/de\/wp-json\/wp\/v2\/media\/2917"}],"wp:attachment":[{"href":"https:\/\/chasseral-hotel.ch\/de\/wp-json\/wp\/v2\/media?parent=64"}],"curies":[{"name":"wp","href":"https:\/\/api.w.org\/{rel}","templated":true}]}}