{"id":703,"date":"2023-03-20T16:53:20","date_gmt":"2023-03-20T16:53:20","guid":{"rendered":"https:\/\/chasseral-hotel.ch\/?page_id=703"},"modified":"2025-05-05T17:25:53","modified_gmt":"2025-05-05T15:25:53","slug":"unsere-umwelt","status":"publish","type":"page","link":"https:\/\/chasseral-hotel.ch\/de\/schweizer-zentrum-fuer-landschaft\/unsere-umwelt\/","title":{"rendered":"Unsere Umwelt"},"content":{"rendered":"\n<p>Wer Natur, Klima und Landschaft schonen m\u00f6chte, muss unsere Ressourcen nachhaltig einsetzen.<br>Im Hotel Chasseral werden daher m\u00f6glichst umweltschonende Konzepte umgesetzt:<\/p>\n\n\n\n<p><\/p>\n\n\n\n<ul class=\"wp-block-list\">\n<li>Die <strong>Abw\u00e4rme der K\u00fchlzellen<\/strong> heizt das Warmwasser auf. Damit k\u00f6nnen die K\u00e4lte und die W\u00e4rme genutzt werden. Das spart Energie. Das Frischwasser, das auf dem Chasseral eintrifft, kann so \u201egratis\u201c um rund 10 Grad erw\u00e4rmt werden.<\/li>\n\n\n\n<li>Um ein Grossteil der Heizenergie f\u00fcr das Warmwasser einzusparen, hat es auf dem Lagergeb\u00e4ude eine <strong>Solarthermie-Anlage<\/strong>. So kann die W\u00e4rme der Sonne kostenlos genutzt werden.<\/li>\n\n\n\n<li>Auf dem Dach des Panorama-Saals hat es geneigte <strong>Solarzellen<\/strong>, um Solarstrom zu produzieren. Besonders im Winter ist die Produktion gross. Auf dem Parkplatz hat es eine Ladestation f\u00fcr E-Autos und f\u00fcr E-Velos.<\/li>\n\n\n\n<li>Das Abwasser wird in einer <strong>hauseigenen Kl\u00e4ranlage<\/strong> durch chemiefreie Mikrobiologie gereinigt.<\/li>\n\n\n\n<li>Sp\u00fclmaschinen sind so konzipiert, dass die Abw\u00e4rme r\u00fcckgewonnen wird. So wird nicht nur Energie zur Erw\u00e4rmung gespart, der Wasserverbrauch wird dadurch auf ein Minimum gesenkt.<\/li>\n\n\n\n<li>Das SZL ist bestrebt, nach dem gr\u00f6sseren Umbau 2027 \/ 2028 bei der <strong>Reinigung<\/strong> des Hotels 100% nachhaltige und biologisch abbaubare Produkte zu verwenden.<\/li>\n\n\n\n<li>Das SZL plant, nach dem gr\u00f6sseren Umbau 2027 \/ 2028 bis zu 90% <strong>Produkte aus der Region<\/strong> Grand Chasseral und dem Seeland zu verwenden. Bereits jetzt wird auf saisonale K\u00fcche geachtet. Nach dem gr\u00f6sseren Umbau 2027 \/ 2028 sollen m\u00f6glichst keine Produkte mehr aus Massentierhaltung angeboten werden.<\/li>\n<\/ul>\n","protected":false},"excerpt":{"rendered":"<p>Wer Natur, Klima und Landschaft schonen m\u00f6chte, muss unsere Ressourcen nachhaltig einsetzen.Im Hotel Chasseral werden daher m\u00f6glichst umweltschonende Konzepte umgesetzt:<\/p>\n","protected":false},"author":6,"featured_media":705,"parent":37,"menu_order":5,"comment_status":"closed","ping_status":"closed","template":"page-templates\/page-environment.php","meta":{"_acf_changed":false,"footnotes":""},"class_list":["post-703","page","type-page","status-publish","has-post-thumbnail","hentry"],"acf":[],"yoast_head":"<!-- This site is optimized with the Yoast SEO plugin v27.0 - https:\/\/yoast.com\/product\/yoast-seo-wordpress\/ -->\n<title>Schweizer Zentrum f\u00fcr Landschaft | Unsere Umwelt<\/title>\n<meta name=\"description\" content=\"Nachhaltigkeit ist uns wichtig! Nur durch einen nachhaltigen Umgang mit Ressourcen k\u00f6nnen wir unsere Landschaften schonen.\" \/>\n<meta name=\"robots\" content=\"index, follow, max-snippet:-1, max-image-preview:large, max-video-preview:-1\" \/>\n<link rel=\"canonical\" href=\"https:\/\/chasseral-hotel.ch\/de\/schweizer-zentrum-fuer-landschaft\/unsere-umwelt\/\" \/>\n<meta property=\"og:locale\" content=\"de_DE\" \/>\n<meta property=\"og:type\" content=\"article\" \/>\n<meta property=\"og:title\" content=\"Schweizer Zentrum f\u00fcr Landschaft | Unsere Umwelt\" \/>\n<meta property=\"og:description\" content=\"Nachhaltigkeit ist uns wichtig! Nur durch einen nachhaltigen Umgang mit Ressourcen k\u00f6nnen wir unsere Landschaften schonen.\" \/>\n<meta property=\"og:url\" content=\"https:\/\/chasseral-hotel.ch\/de\/schweizer-zentrum-fuer-landschaft\/unsere-umwelt\/\" \/>\n<meta property=\"og:site_name\" content=\"Chasseral\" \/>\n<meta property=\"article:modified_time\" content=\"2025-05-05T15:25:53+00:00\" \/>\n<meta property=\"og:image\" content=\"https:\/\/chasseral-hotel.ch\/wp-content\/uploads\/szl-our-environment.jpg\" \/>\n\t<meta property=\"og:image:width\" content=\"1920\" \/>\n\t<meta property=\"og:image:height\" content=\"1006\" \/>\n\t<meta property=\"og:image:type\" content=\"image\/jpeg\" \/>\n<meta name=\"twitter:card\" content=\"summary_large_image\" \/>\n<meta name=\"twitter:label1\" content=\"Gesch\u00e4tzte Lesezeit\" \/>\n\t<meta name=\"twitter:data1\" content=\"2\u00a0Minuten\" \/>\n<script type=\"application\/ld+json\" class=\"yoast-schema-graph\">{\"@context\":\"https:\/\/schema.org\",\"@graph\":[{\"@type\":\"WebPage\",\"@id\":\"https:\/\/chasseral-hotel.ch\/de\/schweizer-zentrum-fuer-landschaft\/unsere-umwelt\/\",\"url\":\"https:\/\/chasseral-hotel.ch\/de\/schweizer-zentrum-fuer-landschaft\/unsere-umwelt\/\",\"name\":\"Schweizer Zentrum f\u00fcr Landschaft | Unsere Umwelt\",\"isPartOf\":{\"@id\":\"https:\/\/chasseral-hotel.ch\/de\/#website\"},\"primaryImageOfPage\":{\"@id\":\"https:\/\/chasseral-hotel.ch\/de\/schweizer-zentrum-fuer-landschaft\/unsere-umwelt\/#primaryimage\"},\"image\":{\"@id\":\"https:\/\/chasseral-hotel.ch\/de\/schweizer-zentrum-fuer-landschaft\/unsere-umwelt\/#primaryimage\"},\"thumbnailUrl\":\"https:\/\/chasseral-hotel.ch\/wp-content\/uploads\/szl-our-environment.jpg\",\"datePublished\":\"2023-03-20T16:53:20+00:00\",\"dateModified\":\"2025-05-05T15:25:53+00:00\",\"description\":\"Nachhaltigkeit ist uns wichtig! Nur durch einen nachhaltigen Umgang mit Ressourcen k\u00f6nnen wir unsere Landschaften schonen.\",\"breadcrumb\":{\"@id\":\"https:\/\/chasseral-hotel.ch\/de\/schweizer-zentrum-fuer-landschaft\/unsere-umwelt\/#breadcrumb\"},\"inLanguage\":\"de\",\"potentialAction\":[{\"@type\":\"ReadAction\",\"target\":[\"https:\/\/chasseral-hotel.ch\/de\/schweizer-zentrum-fuer-landschaft\/unsere-umwelt\/\"]}]},{\"@type\":\"ImageObject\",\"inLanguage\":\"de\",\"@id\":\"https:\/\/chasseral-hotel.ch\/de\/schweizer-zentrum-fuer-landschaft\/unsere-umwelt\/#primaryimage\",\"url\":\"https:\/\/chasseral-hotel.ch\/wp-content\/uploads\/szl-our-environment.jpg\",\"contentUrl\":\"https:\/\/chasseral-hotel.ch\/wp-content\/uploads\/szl-our-environment.jpg\",\"width\":1920,\"height\":1006},{\"@type\":\"BreadcrumbList\",\"@id\":\"https:\/\/chasseral-hotel.ch\/de\/schweizer-zentrum-fuer-landschaft\/unsere-umwelt\/#breadcrumb\",\"itemListElement\":[{\"@type\":\"ListItem\",\"position\":1,\"name\":\"Home\",\"item\":\"https:\/\/chasseral-hotel.ch\/de\/\"},{\"@type\":\"ListItem\",\"position\":2,\"name\":\"Schweizer Zentrum f\u00fcr Landschaft\",\"item\":\"https:\/\/chasseral-hotel.ch\/de\/schweizer-zentrum-fuer-landschaft\/\"},{\"@type\":\"ListItem\",\"position\":3,\"name\":\"Unsere Umwelt\"}]},{\"@type\":\"WebSite\",\"@id\":\"https:\/\/chasseral-hotel.ch\/de\/#website\",\"url\":\"https:\/\/chasseral-hotel.ch\/de\/\",\"name\":\"Chasseral\",\"description\":\"\",\"potentialAction\":[{\"@type\":\"SearchAction\",\"target\":{\"@type\":\"EntryPoint\",\"urlTemplate\":\"https:\/\/chasseral-hotel.ch\/de\/?s={search_term_string}\"},\"query-input\":{\"@type\":\"PropertyValueSpecification\",\"valueRequired\":true,\"valueName\":\"search_term_string\"}}],\"inLanguage\":\"de\"}]}<\/script>\n<!-- \/ Yoast SEO plugin. -->","yoast_head_json":{"title":"Schweizer Zentrum f\u00fcr Landschaft | Unsere Umwelt","description":"Nachhaltigkeit ist uns wichtig! Nur durch einen nachhaltigen Umgang mit Ressourcen k\u00f6nnen wir unsere Landschaften schonen.","robots":{"index":"index","follow":"follow","max-snippet":"max-snippet:-1","max-image-preview":"max-image-preview:large","max-video-preview":"max-video-preview:-1"},"canonical":"https:\/\/chasseral-hotel.ch\/de\/schweizer-zentrum-fuer-landschaft\/unsere-umwelt\/","og_locale":"de_DE","og_type":"article","og_title":"Schweizer Zentrum f\u00fcr Landschaft | Unsere Umwelt","og_description":"Nachhaltigkeit ist uns wichtig! Nur durch einen nachhaltigen Umgang mit Ressourcen k\u00f6nnen wir unsere Landschaften schonen.","og_url":"https:\/\/chasseral-hotel.ch\/de\/schweizer-zentrum-fuer-landschaft\/unsere-umwelt\/","og_site_name":"Chasseral","article_modified_time":"2025-05-05T15:25:53+00:00","og_image":[{"width":1920,"height":1006,"url":"https:\/\/chasseral-hotel.ch\/wp-content\/uploads\/szl-our-environment.jpg","type":"image\/jpeg"}],"twitter_card":"summary_large_image","twitter_misc":{"Gesch\u00e4tzte Lesezeit":"2\u00a0Minuten"},"schema":{"@context":"https:\/\/schema.org","@graph":[{"@type":"WebPage","@id":"https:\/\/chasseral-hotel.ch\/de\/schweizer-zentrum-fuer-landschaft\/unsere-umwelt\/","url":"https:\/\/chasseral-hotel.ch\/de\/schweizer-zentrum-fuer-landschaft\/unsere-umwelt\/","name":"Schweizer Zentrum f\u00fcr Landschaft | Unsere Umwelt","isPartOf":{"@id":"https:\/\/chasseral-hotel.ch\/de\/#website"},"primaryImageOfPage":{"@id":"https:\/\/chasseral-hotel.ch\/de\/schweizer-zentrum-fuer-landschaft\/unsere-umwelt\/#primaryimage"},"image":{"@id":"https:\/\/chasseral-hotel.ch\/de\/schweizer-zentrum-fuer-landschaft\/unsere-umwelt\/#primaryimage"},"thumbnailUrl":"https:\/\/chasseral-hotel.ch\/wp-content\/uploads\/szl-our-environment.jpg","datePublished":"2023-03-20T16:53:20+00:00","dateModified":"2025-05-05T15:25:53+00:00","description":"Nachhaltigkeit ist uns wichtig! Nur durch einen nachhaltigen Umgang mit Ressourcen k\u00f6nnen wir unsere Landschaften schonen.","breadcrumb":{"@id":"https:\/\/chasseral-hotel.ch\/de\/schweizer-zentrum-fuer-landschaft\/unsere-umwelt\/#breadcrumb"},"inLanguage":"de","potentialAction":[{"@type":"ReadAction","target":["https:\/\/chasseral-hotel.ch\/de\/schweizer-zentrum-fuer-landschaft\/unsere-umwelt\/"]}]},{"@type":"ImageObject","inLanguage":"de","@id":"https:\/\/chasseral-hotel.ch\/de\/schweizer-zentrum-fuer-landschaft\/unsere-umwelt\/#primaryimage","url":"https:\/\/chasseral-hotel.ch\/wp-content\/uploads\/szl-our-environment.jpg","contentUrl":"https:\/\/chasseral-hotel.ch\/wp-content\/uploads\/szl-our-environment.jpg","width":1920,"height":1006},{"@type":"BreadcrumbList","@id":"https:\/\/chasseral-hotel.ch\/de\/schweizer-zentrum-fuer-landschaft\/unsere-umwelt\/#breadcrumb","itemListElement":[{"@type":"ListItem","position":1,"name":"Home","item":"https:\/\/chasseral-hotel.ch\/de\/"},{"@type":"ListItem","position":2,"name":"Schweizer Zentrum f\u00fcr Landschaft","item":"https:\/\/chasseral-hotel.ch\/de\/schweizer-zentrum-fuer-landschaft\/"},{"@type":"ListItem","position":3,"name":"Unsere Umwelt"}]},{"@type":"WebSite","@id":"https:\/\/chasseral-hotel.ch\/de\/#website","url":"https:\/\/chasseral-hotel.ch\/de\/","name":"Chasseral","description":"","potentialAction":[{"@type":"SearchAction","target":{"@type":"EntryPoint","urlTemplate":"https:\/\/chasseral-hotel.ch\/de\/?s={search_term_string}"},"query-input":{"@type":"PropertyValueSpecification","valueRequired":true,"valueName":"search_term_string"}}],"inLanguage":"de"}]}},"_links":{"self":[{"href":"https:\/\/chasseral-hotel.ch\/de\/wp-json\/wp\/v2\/pages\/703","targetHints":{"allow":["GET"]}}],"collection":[{"href":"https:\/\/chasseral-hotel.ch\/de\/wp-json\/wp\/v2\/pages"}],"about":[{"href":"https:\/\/chasseral-hotel.ch\/de\/wp-json\/wp\/v2\/types\/page"}],"author":[{"embeddable":true,"href":"https:\/\/chasseral-hotel.ch\/de\/wp-json\/wp\/v2\/users\/6"}],"replies":[{"embeddable":true,"href":"https:\/\/chasseral-hotel.ch\/de\/wp-json\/wp\/v2\/comments?post=703"}],"version-history":[{"count":3,"href":"https:\/\/chasseral-hotel.ch\/de\/wp-json\/wp\/v2\/pages\/703\/revisions"}],"predecessor-version":[{"id":2953,"href":"https:\/\/chasseral-hotel.ch\/de\/wp-json\/wp\/v2\/pages\/703\/revisions\/2953"}],"up":[{"embeddable":true,"href":"https:\/\/chasseral-hotel.ch\/de\/wp-json\/wp\/v2\/pages\/37"}],"wp:featuredmedia":[{"embeddable":true,"href":"https:\/\/chasseral-hotel.ch\/de\/wp-json\/wp\/v2\/media\/705"}],"wp:attachment":[{"href":"https:\/\/chasseral-hotel.ch\/de\/wp-json\/wp\/v2\/media?parent=703"}],"curies":[{"name":"wp","href":"https:\/\/api.w.org\/{rel}","templated":true}]}}