{"id":707,"date":"2023-03-20T16:54:11","date_gmt":"2023-03-20T16:54:11","guid":{"rendered":"https:\/\/chasseral-hotel.ch\/?page_id=707"},"modified":"2026-02-09T12:33:19","modified_gmt":"2026-02-09T11:33:19","slug":"impressum","status":"publish","type":"page","link":"https:\/\/chasseral-hotel.ch\/de\/impressum\/","title":{"rendered":"Impressum"},"content":{"rendered":"\n<h2 class=\"wp-block-heading\">Kontakt:<\/h2>\n\n\n\n<p>Hotel Chasseral<br>Chasseral 124<br>CH-2518 Nods<br>Schweiz<\/p>\n\n\n\n<p><a href=\"mailto:info@chasseral-hotel.ch\">info@chasseral-hotel.ch<\/a><br><a href=\"tel:0041327512451\">0041 32 751 24 51<\/a><\/p>\n\n\n\n<h2 class=\"wp-block-heading\">Konzeption, Gestaltung und Realisierung:<\/h2>\n\n\n\n<p>dig.id GmbH<br>Grellingerstrasse 35<br>CH-4052 Basel<br><a href=\"http:\/\/www.dig.id\" target=\"_blank\" rel=\"noreferrer noopener\">www.dig.id<\/a><\/p>\n\n\n\n<h2 class=\"wp-block-heading\">Haftungsausschluss:<\/h2>\n\n\n\n<p>Der Autor \u00fcbernimmt keinerlei Gew\u00e4hr hinsichtlich der inhaltlichen Richtigkeit, Genauigkeit, Aktualit\u00e4t, Zuverl\u00e4ssigkeit und Vollst\u00e4ndigkeit der Informationen. Haftungsanspr\u00fcche gegen den Autor wegen Sch\u00e4den materieller oder immaterieller Art, welche aus dem Zugriff oder der Nutzung bzw. Nichtnutzung der ver\u00f6ffentlichten Informationen, durch Missbrauch der Verbindung oder durch technische St\u00f6rungen entstanden sind, werden ausgeschlossen. Alle Angebote sind unverbindlich. Der Autor beh\u00e4lt es sich ausdr\u00fccklich vor, Teile der Seiten oder das gesamte Angebot ohne gesonderte Ank\u00fcndigung zu ver\u00e4ndern, zu erg\u00e4nzen, zu l\u00f6schen oder die Ver\u00f6ffentlichung zeitweise oder endg\u00fcltig einzustellen.<\/p>\n\n\n\n<h2 class=\"wp-block-heading\">Haftung f\u00fcr Links:<\/h2>\n\n\n\n<p>Die Urheber- und alle anderen Rechte an Inhalten, Bildern, Fotos oder anderen Dateien auf der Website geh\u00f6ren ausschliesslich dem Hotel Chasseral S\u00e0rl oder den speziell genannten Rechtsinhabern. F\u00fcr die Reproduktion jeglicher Elemente ist die schriftliche Zustimmung der Urheberrechtstr\u00e4ger im Voraus einzuholen.<\/p>\n\n\n\n<p>Zus\u00e4tzliche Bildnachweise:<br>dig.id GmbH &#8211; www.dig.id<\/p>\n","protected":false},"excerpt":{"rendered":"<p>Kontakt: Hotel ChasseralChasseral 124CH-2518 NodsSchweiz info@chasseral-hotel.ch0041 32 751 24 51 Konzeption, Gestaltung und Realisierung: dig.id GmbHGrellingerstrasse 35CH-4052 Baselwww.dig.id Haftungsausschluss: Der Autor \u00fcbernimmt keinerlei Gew\u00e4hr hinsichtlich der inhaltlichen Richtigkeit, Genauigkeit, Aktualit\u00e4t, Zuverl\u00e4ssigkeit und Vollst\u00e4ndigkeit der Informationen. Haftungsanspr\u00fcche gegen den Autor wegen Sch\u00e4den materieller oder immaterieller Art, welche aus dem Zugriff oder der Nutzung bzw. Nichtnutzung der [&hellip;]<\/p>\n","protected":false},"author":6,"featured_media":0,"parent":0,"menu_order":110,"comment_status":"closed","ping_status":"closed","template":"","meta":{"_acf_changed":false,"footnotes":""},"class_list":["post-707","page","type-page","status-publish","hentry"],"acf":[],"yoast_head":"<!-- This site is optimized with the Yoast SEO plugin v27.0 - https:\/\/yoast.com\/product\/yoast-seo-wordpress\/ -->\n<title>Chasseral | Impressum<\/title>\n<meta name=\"description\" content=\"Hier finden Sie das Impressum unserer Webseite mit allen relevanten Angaben und Kontakten.\" \/>\n<meta name=\"robots\" content=\"index, follow, max-snippet:-1, max-image-preview:large, max-video-preview:-1\" \/>\n<link rel=\"canonical\" href=\"https:\/\/chasseral-hotel.ch\/de\/impressum\/\" \/>\n<meta property=\"og:locale\" content=\"de_DE\" \/>\n<meta property=\"og:type\" content=\"article\" \/>\n<meta property=\"og:title\" content=\"Chasseral | Impressum\" \/>\n<meta property=\"og:description\" content=\"Hier finden Sie das Impressum unserer Webseite mit allen relevanten Angaben und Kontakten.\" \/>\n<meta property=\"og:url\" content=\"https:\/\/chasseral-hotel.ch\/de\/impressum\/\" \/>\n<meta property=\"og:site_name\" content=\"Chasseral\" \/>\n<meta property=\"article:modified_time\" content=\"2026-02-09T11:33:19+00:00\" \/>\n<meta name=\"twitter:card\" content=\"summary_large_image\" \/>\n<meta name=\"twitter:label1\" content=\"Gesch\u00e4tzte Lesezeit\" \/>\n\t<meta name=\"twitter:data1\" content=\"1\u00a0Minute\" \/>\n<script type=\"application\/ld+json\" class=\"yoast-schema-graph\">{\"@context\":\"https:\/\/schema.org\",\"@graph\":[{\"@type\":\"WebPage\",\"@id\":\"https:\/\/chasseral-hotel.ch\/de\/impressum\/\",\"url\":\"https:\/\/chasseral-hotel.ch\/de\/impressum\/\",\"name\":\"Chasseral | Impressum\",\"isPartOf\":{\"@id\":\"https:\/\/chasseral-hotel.ch\/de\/#website\"},\"datePublished\":\"2023-03-20T16:54:11+00:00\",\"dateModified\":\"2026-02-09T11:33:19+00:00\",\"description\":\"Hier finden Sie das Impressum unserer Webseite mit allen relevanten Angaben und Kontakten.\",\"breadcrumb\":{\"@id\":\"https:\/\/chasseral-hotel.ch\/de\/impressum\/#breadcrumb\"},\"inLanguage\":\"de\",\"potentialAction\":[{\"@type\":\"ReadAction\",\"target\":[\"https:\/\/chasseral-hotel.ch\/de\/impressum\/\"]}]},{\"@type\":\"BreadcrumbList\",\"@id\":\"https:\/\/chasseral-hotel.ch\/de\/impressum\/#breadcrumb\",\"itemListElement\":[{\"@type\":\"ListItem\",\"position\":1,\"name\":\"Home\",\"item\":\"https:\/\/chasseral-hotel.ch\/de\/\"},{\"@type\":\"ListItem\",\"position\":2,\"name\":\"Impressum\"}]},{\"@type\":\"WebSite\",\"@id\":\"https:\/\/chasseral-hotel.ch\/de\/#website\",\"url\":\"https:\/\/chasseral-hotel.ch\/de\/\",\"name\":\"Chasseral\",\"description\":\"\",\"potentialAction\":[{\"@type\":\"SearchAction\",\"target\":{\"@type\":\"EntryPoint\",\"urlTemplate\":\"https:\/\/chasseral-hotel.ch\/de\/?s={search_term_string}\"},\"query-input\":{\"@type\":\"PropertyValueSpecification\",\"valueRequired\":true,\"valueName\":\"search_term_string\"}}],\"inLanguage\":\"de\"}]}<\/script>\n<!-- \/ Yoast SEO plugin. -->","yoast_head_json":{"title":"Chasseral | Impressum","description":"Hier finden Sie das Impressum unserer Webseite mit allen relevanten Angaben und Kontakten.","robots":{"index":"index","follow":"follow","max-snippet":"max-snippet:-1","max-image-preview":"max-image-preview:large","max-video-preview":"max-video-preview:-1"},"canonical":"https:\/\/chasseral-hotel.ch\/de\/impressum\/","og_locale":"de_DE","og_type":"article","og_title":"Chasseral | Impressum","og_description":"Hier finden Sie das Impressum unserer Webseite mit allen relevanten Angaben und Kontakten.","og_url":"https:\/\/chasseral-hotel.ch\/de\/impressum\/","og_site_name":"Chasseral","article_modified_time":"2026-02-09T11:33:19+00:00","twitter_card":"summary_large_image","twitter_misc":{"Gesch\u00e4tzte Lesezeit":"1\u00a0Minute"},"schema":{"@context":"https:\/\/schema.org","@graph":[{"@type":"WebPage","@id":"https:\/\/chasseral-hotel.ch\/de\/impressum\/","url":"https:\/\/chasseral-hotel.ch\/de\/impressum\/","name":"Chasseral | Impressum","isPartOf":{"@id":"https:\/\/chasseral-hotel.ch\/de\/#website"},"datePublished":"2023-03-20T16:54:11+00:00","dateModified":"2026-02-09T11:33:19+00:00","description":"Hier finden Sie das Impressum unserer Webseite mit allen relevanten Angaben und Kontakten.","breadcrumb":{"@id":"https:\/\/chasseral-hotel.ch\/de\/impressum\/#breadcrumb"},"inLanguage":"de","potentialAction":[{"@type":"ReadAction","target":["https:\/\/chasseral-hotel.ch\/de\/impressum\/"]}]},{"@type":"BreadcrumbList","@id":"https:\/\/chasseral-hotel.ch\/de\/impressum\/#breadcrumb","itemListElement":[{"@type":"ListItem","position":1,"name":"Home","item":"https:\/\/chasseral-hotel.ch\/de\/"},{"@type":"ListItem","position":2,"name":"Impressum"}]},{"@type":"WebSite","@id":"https:\/\/chasseral-hotel.ch\/de\/#website","url":"https:\/\/chasseral-hotel.ch\/de\/","name":"Chasseral","description":"","potentialAction":[{"@type":"SearchAction","target":{"@type":"EntryPoint","urlTemplate":"https:\/\/chasseral-hotel.ch\/de\/?s={search_term_string}"},"query-input":{"@type":"PropertyValueSpecification","valueRequired":true,"valueName":"search_term_string"}}],"inLanguage":"de"}]}},"_links":{"self":[{"href":"https:\/\/chasseral-hotel.ch\/de\/wp-json\/wp\/v2\/pages\/707","targetHints":{"allow":["GET"]}}],"collection":[{"href":"https:\/\/chasseral-hotel.ch\/de\/wp-json\/wp\/v2\/pages"}],"about":[{"href":"https:\/\/chasseral-hotel.ch\/de\/wp-json\/wp\/v2\/types\/page"}],"author":[{"embeddable":true,"href":"https:\/\/chasseral-hotel.ch\/de\/wp-json\/wp\/v2\/users\/6"}],"replies":[{"embeddable":true,"href":"https:\/\/chasseral-hotel.ch\/de\/wp-json\/wp\/v2\/comments?post=707"}],"version-history":[{"count":5,"href":"https:\/\/chasseral-hotel.ch\/de\/wp-json\/wp\/v2\/pages\/707\/revisions"}],"predecessor-version":[{"id":3988,"href":"https:\/\/chasseral-hotel.ch\/de\/wp-json\/wp\/v2\/pages\/707\/revisions\/3988"}],"wp:attachment":[{"href":"https:\/\/chasseral-hotel.ch\/de\/wp-json\/wp\/v2\/media?parent=707"}],"curies":[{"name":"wp","href":"https:\/\/api.w.org\/{rel}","templated":true}]}}